{"id":94,"date":"2017-03-23T10:45:09","date_gmt":"2017-03-23T10:45:09","guid":{"rendered":"https:\/\/caicalalzo.it\/?page_id=94"},"modified":"2023-04-05T09:17:17","modified_gmt":"2023-04-05T09:17:17","slug":"about-us-style-2","status":"publish","type":"page","link":"https:\/\/caicalalzo.it\/index.php\/about-us-style-2\/","title":{"rendered":"Chi siamo"},"content":{"rendered":"<section class=\"wpb-content-wrapper\"><p>[vc_row equal_height=&#8221;yes&#8221; content_placement=&#8221;middle&#8221;][vc_column offset=&#8221;vc_col-md-6&#8243;][vc_empty_space alter_height=&#8221;huge&#8221; hide_on_mobile=&#8221;&#8221;][vc_single_image image=&#8221;1055&#8243; img_size=&#8221;large&#8221;][vc_empty_space alter_height=&#8221;huge&#8221; hide_on_mobile=&#8221;1&#8243; css=&#8221;.vc_custom_1492425939927{margin-top: 1.2rem !important;}&#8221;][vc_single_image image=&#8221;1060&#8243; img_size=&#8221;large&#8221;][vc_empty_space alter_height=&#8221;huge&#8221; hide_on_mobile=&#8221;1&#8243; css=&#8221;.vc_custom_1492425939927{margin-top: 1.2rem !important;}&#8221;][vc_single_image image=&#8221;1049&#8243; img_size=&#8221;large&#8221;][\/vc_column][vc_column css=&#8221;.vc_custom_1492425874349{padding-left: 55px !important;}&#8221; el_class=&#8221;welcome_column&#8221; offset=&#8221;vc_col-md-6&#8243;][vc_empty_space alter_height=&#8221;huge&#8221; hide_on_mobile=&#8221;&#8221;]<div id=\"sc_title_16278989\"\r\n\t\tclass=\"sc_title sc_title_default\"><h6 class=\"sc_item_subtitle sc_title_subtitle sc_align_left sc_item_title_style_default\">Benvenuto<\/h6><h3 class=\"sc_item_title sc_title_title sc_align_left sc_item_title_style_default\">Chi siamo?<\/h3><\/div><!-- \/.sc_title -->[vc_empty_space hide_on_mobile=&#8221;&#8221; css=&#8221;.vc_custom_1492073785547{margin-top: 0.3rem !important;}&#8221;][vc_column_text]Quando sentiamo parlare di montagna, la prima immagine che si forma nella nostra mente \u00e8 quella di una cima rocciosa. Ma la montagna non \u00e8 solo \u201ccroda\u201d. Montagna \u00e8 un concetto ampio che certamente comprende rocce, boschi, sentieri, torrenti, ma anche storie, tradizioni e cultura. Per questo nella sezione Calaltina del CAI, che vanta oltre 450 soci, sono stati creati dei gruppi di lavoro, ognuno dei quali si occupa di un settore specifico.<\/p>\n<p>C&#8217;\u00e8 il gruppo escursioni che organizza le escursioni (alpinistiche ed escursionistiche) inserite nel \u201ccalendario gite estive\u201d delle sezioni cadorine. Ogni domenica di luglio e agosto una proposta rivolta a turisti e residenti, per far conoscere le nostre montagne a chi da solo non avrebbe la possibilit\u00e0 di avventurarsi su percorsi un po&#8217; pi\u00f9 impegnativi.<\/p>\n<p>Nella nostra sezione non ci sono solo esperti di alpinismo, esistono anche esperti di cucina che dimostrano le loro doti in occasione delle feste, organizzate direttamente o in collaborazione con altre associazioni, che si svolgono nelle nostre comunit\u00e0. Primo appuntamento, a fine maggio, \u00e8 la festa della famiglia alla Casera Aiarnola nel comune di Comelico Superiore. Si prosegue a giugno con la festa dell&#8217;ambiente, tradizionale ritrovo con i ragazzi per concludere in bellezza il programma di educazione ambientale svolto durante l&#8217;anno scolastico. Altro importante momento di ritrovo \u00e8 la festa di settembre al ricovero, che conclude le attivit\u00e0 estive in montagna; tutti i soci e simpatizzanti si riuniscono sul prato di \u201cPianezze\u201d presso il ricovero sezionale Frescura Rocchi per festeggiare la stagione appena conclusa. Ormai sono entrate nella tradizione la distribuzione del vin brul\u00e8 la notte di Natale ed il \u201cBrus\u00e0 la Vecia\u201d la sera dell&#8217;Epifania.<br \/>\nAnche se queste attivit\u00e0 non rientrano nei compiti istituzionali del CAI organizziamo con entusiasmo questi incontri, convinti dell&#8217;utilit\u00e0 di momenti di aggregazione ed amicizia nella vita sociale del paese.<\/p>\n<p>\u00c8 un compito istituzionale molto importante invece quello di mantenere in efficienza i vari sentieri CAI all&#8217;interno del territorio di nostra competenza. Eliminati i famigerati \u201cbaranci\u201d e apposta l&#8217;adeguata segnaletica, gli appassionati possono, con tranquillit\u00e0, camminare per la nostra montagna.<\/p>\n<p>Una corsa in montagna, che si trasforma in festa, \u00e8 un&#8217;altra delle manifestazioni che la Sezione organizza. Si tratta della \u201cCalalzo-Chiggiato\u201d, che richiama i migliori atleti della specialit\u00e0 ogni anno a luglio. Questa gara permette di ricordare personaggi che hanno lasciato un segno nel mondo della Montagna Calaltina: \u00e8 stata infatti dedicata ai fratelli Fanton, al Commendatore Molinari, primo presidente della sezione CAI e a Sandro Valcanover, per molti anni gestore del Rifugio Chiggiato.<\/p>\n<p>Rimangono per ultime, ma non per questo meno importanti, le serate culturali durante le quali famosi alpinisti si raccontano e descrivono le loro imprese, facendoci cos\u00ec scoprire che i problemi, le difficolt\u00e0, ma anche il fascino e la bellezza sono comuni a tutte le montagne della nostra Terra.[\/vc_column_text][vc_empty_space alter_height=&#8221;medium&#8221; hide_on_mobile=&#8221;&#8221; css=&#8221;.vc_custom_1492073851908{margin-top: -0.1rem !important;}&#8221;][\/vc_column][\/vc_row][vc_row full_width=&#8221;stretch_row&#8221; css=&#8221;.vc_custom_1671818034880{background-color: #ededed !important;background-position: center !important;background-repeat: no-repeat !important;background-size: cover !important;}&#8221; el_class=&#8221;snow_action_row&#8221;][vc_column width=&#8221;1\/2&#8243; icons_position=&#8221;left&#8221;][vc_empty_space alter_height=&#8221;huge&#8221; hide_on_mobile=&#8221;&#8221; css=&#8221;.vc_custom_1491901672742{margin-top: 1.8rem !important;}&#8221;]<div id=\"sc_title_325588536\"\r\n\t\tclass=\"scheme_dark sc_title sc_title_default\"><h6 class=\"sc_item_subtitle sc_title_subtitle sc_align_left sc_item_title_style_default\">Il direttivo<\/h6><\/div><!-- \/.sc_title -->[vc_empty_space height=&#8221;3px&#8221; hide_on_mobile=&#8221;&#8221; css=&#8221;.vc_custom_1671819617660{margin-top: 1.8rem !important;}&#8221;][vc_column_text]<strong>Presidente <\/strong>Antonella Fornari<br \/>\n<strong>Vice Presidente <\/strong>Alberto Carboni<br \/>\nMarilisa De Gerone<\/p>\n<p><strong>Segretario \u00a0 \u00a0 \u00a0 \u00a0 \u00a0<\/strong>Mery Piazza<\/p>\n<p><strong>Tesoriere \u00a0 \u00a0 \u00a0 \u00a0 \u00a0 <\/strong>Mario De Gerone[\/vc_column_text][vc_empty_space alter_height=&#8221;huge&#8221; hide_on_mobile=&#8221;&#8221; css=&#8221;.vc_custom_1491901676735{margin-top: 1.8rem !important;}&#8221;][\/vc_column][vc_column width=&#8221;1\/2&#8243;][vc_empty_space alter_height=&#8221;huge&#8221; hide_on_mobile=&#8221;&#8221; css=&#8221;.vc_custom_1491901672742{margin-top: 1.8rem !important;}&#8221;][vc_column_text]<strong>Consiglieri<br \/>\n<\/strong>Mariachiara Cravero<br \/>\nGaetano Da Vi\u00e0<br \/>\nMartina Da Vi\u00e0<br \/>\nPatrizia Fiori<br \/>\nMassimo Fumagalli<br \/>\nRoberta Liessi<br \/>\nGabriele Longo<br \/>\nVittorio Marchetto<br \/>\nMario Momesso<\/p>\n<p><strong>Delegato \u00a0 \u00a0 \u00a0 \u00a0 <\/strong>Attilio Molinari[\/vc_column_text][vc_empty_space alter_height=&#8221;huge&#8221; hide_on_mobile=&#8221;&#8221; css=&#8221;.vc_custom_1491901676735{margin-top: 1.8rem !important;}&#8221;][\/vc_column][\/vc_row][vc_row equal_height=&#8221;yes&#8221; content_placement=&#8221;middle&#8221;][vc_column css=&#8221;.vc_custom_1492425874349{padding-left: 55px !important;}&#8221; el_class=&#8221;welcome_column&#8221; offset=&#8221;vc_col-md-6&#8243;][vc_empty_space alter_height=&#8221;huge&#8221; hide_on_mobile=&#8221;&#8221;]<div id=\"sc_title_1143857875\"\r\n\t\tclass=\"sc_title sc_title_default\"><h6 class=\"sc_item_subtitle sc_title_subtitle sc_align_left sc_item_title_style_default\">Storia<\/h6><\/div><!-- \/.sc_title -->[vc_empty_space hide_on_mobile=&#8221;&#8221; css=&#8221;.vc_custom_1492073785547{margin-top: 0.3rem !important;}&#8221;][vc_column_text]Tanto orgoglio e un pizzico di sano campanilismo<br \/>\nalle origini della nostra esperienza.<\/p>\n<p>Perch\u00e9 una sezione del CAI a Calalzo? La risposta pi\u00f9 semplice ed immediata sarebbe: perch\u00e9 no?<\/p>\n<p>Se invece vogliamo approfondire l&#8217;argomento, potremmo dire che a quel tempo, primi anni &#8217;60, chi voleva iscriversi al CAI doveva rivolgersi alla sezione di Pieve di Cadore oppure alla Sezione Cadorina di Auronzo, ed accettare democraticamente le delibere delle rispettive direzioni. \u00c8 ovvio che, nonostante la passione e la partecipazione concreta, i calaltini non avrebbero potuto contare un granch\u00e9 nelle decisioni in quanto marginale minoranza rispetto agli iscritti. Da qui nasce l&#8217;idea tra amici calaltini iscritti al CAI di prodigarsi per la costituzione di una sezione a Calalzo.<\/p>\n<p>Un piccolo numero di giovani che condividevano le stesse passioni per la montagna, che compartecipavano alle iniziative del Gruppo Aquilotti Calalzo, espressione giovanile di attivit\u00e0 alpinistica in genere e folcroristica, che, diciamolo sottovoce, con una visione campanilistica vedevano volentieri il nome di Calalzo competere con le altre realt\u00e0 cadorine, presero l&#8217;iniziativa di chiedere alla direzione centrale del CAI l&#8217;istituzione della sezione di Calalzo.<\/p>\n<p>L&#8217;ingegner Apollonio di Cortina, delegato del CAI per la zona del Cadore, prese contatto con i promotori dando il suo assenso all&#8217;istituzione della sezione di Calalzo, previa la garanzia di un certo numero di iscrizioni. Il numero di adesioni arriv\u00f2 presto. Si iscrissero giovani e meno giovani di Calalzo e anche molti villeggianti.<\/p>\n<p>Finalmente la sezione di Calalzo poteva vantare le sue glorie nelle gesta dei fratelli Fanton, che furono esempio e sprone ad altri giovani calaltini (vedi De Bon Gianmarria, Fanton Giovanni, Rocchi Alfonso, Frescura Leo, ecc.). \u00c8 bene ricordare che nel costituendo Corpo Soccorso Alpino aderirono con entusiasmo molti giovani, e primo fra tutti, nonostante l&#8217;et\u00e0, la guida alpina Ernesto Bertagnin, altro vanto della sezione. Il gagliardetto della Sezione Cai Calalzo pu\u00f2 vantare una madrina che fa onore a tutto il paese di Calalzo: Luisa Fanton.[\/vc_column_text][vc_empty_space alter_height=&#8221;medium&#8221; hide_on_mobile=&#8221;&#8221; css=&#8221;.vc_custom_1492073851908{margin-top: -0.1rem !important;}&#8221;][\/vc_column][vc_column offset=&#8221;vc_col-md-6&#8243;][vc_empty_space height=&#8221;42px&#8221; alter_height=&#8221;huge&#8221; hide_on_mobile=&#8221;1&#8243; css=&#8221;.vc_custom_1671818151061{margin-top: 1.2rem !important;}&#8221;][vc_single_image image=&#8221;1087&#8243; img_size=&#8221;large&#8221;][vc_empty_space alter_height=&#8221;huge&#8221; hide_on_mobile=&#8221;1&#8243; css=&#8221;.vc_custom_1492425939927{margin-top: 1.2rem !important;}&#8221;][vc_single_image image=&#8221;1053&#8243; img_size=&#8221;large&#8221;][\/vc_column][\/vc_row][vc_row equal_height=&#8221;yes&#8221; content_placement=&#8221;middle&#8221;][vc_column offset=&#8221;vc_col-md-6&#8243;][vc_empty_space height=&#8221;42px&#8221; alter_height=&#8221;huge&#8221; hide_on_mobile=&#8221;1&#8243; css=&#8221;.vc_custom_1671818151061{margin-top: 1.2rem !important;}&#8221;][vc_single_image image=&#8221;1051&#8243; img_size=&#8221;large&#8221;][vc_empty_space alter_height=&#8221;huge&#8221; hide_on_mobile=&#8221;1&#8243; css=&#8221;.vc_custom_1492425939927{margin-top: 1.2rem !important;}&#8221;][vc_single_image image=&#8221;1064&#8243; img_size=&#8221;large&#8221;][\/vc_column][vc_column css=&#8221;.vc_custom_1492425874349{padding-left: 55px !important;}&#8221; el_class=&#8221;welcome_column&#8221; offset=&#8221;vc_col-md-6&#8243;][vc_empty_space alter_height=&#8221;huge&#8221; hide_on_mobile=&#8221;&#8221;]<div id=\"sc_title_298528855\"\r\n\t\tclass=\"sc_title sc_title_default\"><h6 class=\"sc_item_subtitle sc_title_subtitle sc_align_left sc_item_title_style_default\">Il volo degli aquilotti<\/h6><\/div><!-- \/.sc_title -->[vc_empty_space hide_on_mobile=&#8221;&#8221; css=&#8221;.vc_custom_1492073785547{margin-top: 0.3rem !important;}&#8221;][vc_column_text]Da molti anni le scuole calaltine portano avanti un Progetto di Educazione Ambientale in collaborazione con la nostra Sezione. Principale protagonista, la scuola primaria. Gli obiettivi educativi e didattici consentono agli alunni:<\/p>\n<p>di conoscere le caratteristiche del loro ambiente di montagna,<\/p>\n<p>di comprendere quali sono le trasformazioni operate dall&#8217;uomo,<\/p>\n<p>di acquisire un comportamento rispettoso dell&#8217;equilibrio degli ecosistemi e di qualsiasi tipo di vita presente in natura,<\/p>\n<p>di comprendere che la natura \u00e8 un patrimonio comune che va difeso,<\/p>\n<p>di intuire quale sia il modo per un uso razionale delle risorse ambientali.<\/p>\n<p>Le insegnanti, in autonomia o in collaborazione con gli esperti del CAI, tengono lezioni propedeutiche o di approfondimento sugli argomenti con l&#8217;ausilio di materiale audiovisivo. All&#8217;incontro in aula segue un uscita in ambiente per imparare a &#8220;toccare con mano&#8221; il territorio, acquisire gli elementi fondamentali per riconoscere piante e fiori e il loro utilizzo in campo economico ed officinale.<\/p>\n<p>Tante sono state le iniziative e le attivit\u00e0 che, in ogni caso, ci auguriamo di poter proseguire. Fra queste:<\/p>\n<p>incontri con personaggi famosi del mondo dell&#8217;alpinismo (come per esempio Fausto De Stefani) che hanno portato le loro esperienze e i loro affascinanti racconti;<\/p>\n<p>la raccolta di minerali sotto la guida attenta dell&#8217;esperto Sergio De Bon;<\/p>\n<p>le lezioni di orienteering per acquisire le prime nozioni sull&#8217;utilizzo della bussola e la lettura di una cartina topografica;<\/p>\n<p>le esplorazioni in ambiente nell&#8217;ambito del progetto &#8220;Piave 2001&#8221; in cui protagonista \u00e9 il fiume con il suo patrimonio di storia, di microfauna, di bioindicatori vegetali della qualit\u00e0 delle acque;<\/p>\n<p>2002 Anno Internazionale della Montagna: realizzazione di un Sentiero Botanico lungo il tragitto fra le frazioni di Rizzios e di Grea. Sono state catalogate piante e costruiti piccoli ripari per uccelli. Tutto ci\u00f2 si \u00e8 trasformato in un laboratorio didattico permanente;<\/p>\n<p>sempre in ambiente scolastico, l&#8217;artista Vico Calabr\u00f2 ha lasciato un suo duraturo ricordo con un affresco suggestivo dal titolo: &#8220;La montagna fra la storia e la leggenda&#8221;.<\/p>\n<p>Le attivit\u00e0 sono proseguite e sono ancora vive anche tramite il progetto &#8220;Disegnare il futuro&#8221;, un progetto di innovazione didattica rivolto agli alunni della scuola primaria (a partire dalla classe III) e secondaria di primo grado con finalit\u00e0 di conoscenza dell&#8217;ambiente in tutte le sue manifestazioni, progetto purtroppo a oggi &#8220;congelato&#8221; sempre a causa dell&#8217;emergenza sanitaria in atto.<\/p>\n<p>Ormai il rapporto Scuola &#8211; CAI \u00e8 talmente consolidato che gli obiettivi e le attivit\u00e0 di educazione ambientale fanno parte stabile della programmazione educativa e didattica. Gli esperti del sodalizio sono ormai presenze costanti, si direbbe AMICI![\/vc_column_text][vc_empty_space alter_height=&#8221;medium&#8221; hide_on_mobile=&#8221;&#8221; css=&#8221;.vc_custom_1492073851908{margin-top: -0.1rem !important;}&#8221;][\/vc_column][\/vc_row][vc_row equal_height=&#8221;yes&#8221; content_placement=&#8221;middle&#8221;][vc_column css=&#8221;.vc_custom_1492425874349{padding-left: 55px !important;}&#8221; el_class=&#8221;welcome_column&#8221; offset=&#8221;vc_col-md-6&#8243;][vc_empty_space alter_height=&#8221;huge&#8221; hide_on_mobile=&#8221;&#8221;]<div id=\"sc_title_1510105994\"\r\n\t\tclass=\"sc_title sc_title_default\"><h6 class=\"sc_item_subtitle sc_title_subtitle sc_align_left sc_item_title_style_default\">L'impegno del CAI per le nuove generazioni.<\/h6><\/div><!-- \/.sc_title -->[vc_empty_space hide_on_mobile=&#8221;&#8221; css=&#8221;.vc_custom_1492073785547{margin-top: 0.3rem !important;}&#8221;][vc_column_text]La brillante esperienza di un gruppo di giovani<br \/>\ncalaltini prima della nascita della sezione CAI.<\/p>\n<p>\u00c8 importante e doveroso scrivere, perch\u00e9 resti nel tempo, la storia degli Aquilotti di Calalzo, che sono stati i primi a tracciare una strada fatta insieme di alpinismo e di attivit\u00e0 comunitarie e sociali per tutto il paese e per gli ospiti. Ed \u00e8 su questa traccia di attivit\u00e0 parallele che oggi si muove il CAI di Calalzo.<\/p>\n<p>L&#8217;immediato dopoguerra aveva portato una travolgente ondata di entusiasmo, gioia di vivere, di essere liberi, con l&#8217;esigenza di raggrupparsi per divertirsi con spensieratezza. In questo clima di particolare euforia &#8211; anno 1947 &#8211; sono nati gli \u201cAquilotti di Calalzo\u201d: un gruppo di ragazzi esuberanti, volenterosi, pieni di iniziative, accomunati dal grande amore per il loro paese e per le montagne che lo circondano.<\/p>\n<p>Erano tempi, quelli, in cui oltre alle proprie gambe, i mezzi di locomozione abituali si fermavano alla bicicletta o al massimo al motorino, quindi si \u201cviveva\u201d il paese ed intensi erano i rapporti comunitari. Ovunque si formavano gruppi spontanei di ragazzi che amavano andar per crode: Scoiattoli a Cortina, Caprioli a San Vito, Ragni a Pieve, Aquilotti qui, probabilmente perch\u00e9 sulle Marmarole nidifica l&#8217;aquila. I calaltini per\u00f2 non andavano solo per crode o con gli sci da fondo. Il loro impegno si indirizzava anche al folclore, alle feste danzanti, all&#8217;animazione turistica. La lunga permanenza estiva dei villeggianti dava la possibilit\u00e0 di creare legami e l&#8217;esigenza di intrattenere gli ospiti. Allora si organizzavano escursioni domenicali di massa accompagnando i turisti ai rifugi: memorabile una salita al Galassi con 120 partecipanti! Nessun compenso veniva richiesto: bastava il sorriso di qualche ragazza, lo stare in compagnia allegramente e il far conoscere a \u201cquelli di citt\u00e0\u201d la bellezza della montagna.<\/p>\n<p>I \u201cCarri Fioriti\u201d erano una tradizione estiva della valle. Venivano addobbati con piante e fiori, si mostravano i vecchi attrezzi di lavoro, al seguito stavano le ragazze vestite in costume locale, si cantava, si ballava. E poi le serate danzanti nella sala della Cooperativa e anche l&#8217;elezione della Reginetta! A tutto questo provvedevano gli Aquilotti, diretti da un eclettico Sergio Piccin, di professione fotografo, ma con doti tanto di rocciatore quanto di animatore mondano. Era praticamente un vulcano di idee, proposte, iniziative che portava avanti con tenacia e successo. E cos\u00ec il 6 maggio 1954 si stese uno statuto con le nomine del Consiglio Direttivo: presidente Sergio Piccin e segretario-tesoriere Luigino Giacobbi, che puntualmente teneva i rendiconti di bilanci e quote di tesseramento, nonch\u00e9 le relazioni della varie assemblee.<\/p>\n<p>Dinamica e di notevole importanza fu anche l&#8217;attivit\u00e0 alpinistica, capeggiata dal forte rocciatore Gianmaria De Bon, con Alfonso ed Enzo Rocchi, Sergio Piccin e Mario Novello. Furono effettuate ascensioni sul Froppa e sulla Cresta degli Invalidi, e aperte due nuove vie sulla Cima Nord di Val di Tana. Gianmaria con Gianni Bonafede di San Vito scal\u00f2 la Torre dei Sabbioni su una via di V\u00ba superiore.<\/p>\n<p>Nel 1955 il CAI diede vita al Corpo Soccorso Alpino, organizzando il servizio in tutte le Alpi. Per il Centro Cadore la Stazione Unica del Soccorso Alpino fu creata a Pieve di Cadore e, vista la distanza di soli due chilometri tra Pieve e Calalzo, fu respinta la domanda di creare un&#8217;altra stazione anche nel nostro paese. Quando gli Aquilotti furono invitati a far parte di tale squadra del Soccorso Alpino, avanzarono la proposta di portare almeno del materiale a Calalzo, e soprattutto ai rifugi Chiggiato e Galassi, per una maggiore tempestivit\u00e0 dei soccorsi. Anche questa seconda richiesta fu respinta, l&#8217;ulteriore rifiuto ingiustificato port\u00f2 il gruppo Aquilotti a dare in blocco le dimissioni dal Corpo del Soccorso Alpino. Spesso l&#8217;entusiasmo e la generosit\u00e0 dei volontari vengono a scontrarsi con le regole, la burocrazia ed i limiti imposti da chi ha la visione generale del servizio, la responsabilit\u00e0, l&#8217;organizzazione e l&#8217;impegno economico. Nonostante le sofferte dimissioni gli Aquilotti diedero comunque sempre la loro disponibilit\u00e0 in caso di bisogno, in quanto di anno in anno aumentavano le richieste di aiuto di rocciatori ed escursionisti infortunati o in difficolt\u00e0. Soccorsi portati a termine con qualsiasi tempo ed in ogni stagione, prontamente, generosamente e molto spesso senza un ringraziamento.<\/p>\n<p>Il \u201cGrazie Aquilotti\u201d viene ora da noi, oggi che saliamo su sentieri ben battuti, portati in quota da auto o mezzi di risalita, che arrampichiamo con scarpe firmate e con corde che, anche se bagnate, non diventano rigide e pesanti come l&#8217;acciaio. Che ci difendiamo da pioggia, vento e gelo con piumini e giacche in goretex, che non dobbiamo centellinare la tavoletta di cioccolato o i soldi in tasca per la cena in rifugio. Il nostro grazie sar\u00e0 purtroppo raccolto dai pochi che ci sono. Tanti di questi Aquilotti se ne sono andati &#8211; tragicamente o no &#8211; e ci aspettano \u201csui monti del Paradiso dove il Buon Dio &#8211; come nella canzone &#8211; li lascia andar!\u201d.[\/vc_column_text][vc_empty_space alter_height=&#8221;medium&#8221; hide_on_mobile=&#8221;&#8221; css=&#8221;.vc_custom_1492073851908{margin-top: -0.1rem !important;}&#8221;][\/vc_column][vc_column offset=&#8221;vc_col-md-6&#8243;][vc_empty_space height=&#8221;42px&#8221; alter_height=&#8221;huge&#8221; hide_on_mobile=&#8221;1&#8243; css=&#8221;.vc_custom_1671818151061{margin-top: 1.2rem !important;}&#8221;][vc_single_image image=&#8221;1051&#8243; img_size=&#8221;large&#8221;][vc_empty_space alter_height=&#8221;huge&#8221; hide_on_mobile=&#8221;1&#8243; css=&#8221;.vc_custom_1492425939927{margin-top: 1.2rem !important;}&#8221;][vc_single_image image=&#8221;1064&#8243; img_size=&#8221;large&#8221;][\/vc_column][\/vc_row]<\/p>\n<\/section>","protected":false},"excerpt":{"rendered":"<p>[vc_row equal_height=&#8221;yes&#8221; content_placement=&#8221;middle&#8221;][vc_column offset=&#8221;vc_col-md-6&#8243;][vc_empty_space alter_height=&#8221;huge&#8221; hide_on_mobile=&#8221;&#8221;][vc_single_image image=&#8221;1055&#8243; img_size=&#8221;large&#8221;][vc_empty_space alter_height=&#8221;huge&#8221; hide_on_mobile=&#8221;1&#8243; css=&#8221;.vc_custom_1492425939927{margin-top: 1.2rem !important;}&#8221;][vc_single_image image=&#8221;1060&#8243; img_size=&#8221;large&#8221;][vc_empty_space alter_height=&#8221;huge&#8221; hide_on_mobile=&#8221;1&#8243; css=&#8221;.vc_custom_1492425939927{margin-top: 1.2rem !important;}&#8221;][vc_single_image image=&#8221;1049&#8243; img_size=&#8221;large&#8221;][\/vc_column][vc_column css=&#8221;.vc_custom_1492425874349{padding-left: 55px !important;}&#8221; el_class=&#8221;welcome_column&#8221; offset=&#8221;vc_col-md-6&#8243;][vc_empty_space alter_height=&#8221;huge&#8221; hide_on_mobile=&#8221;&#8221;][vc_empty_space hide_on_mobile=&#8221;&#8221; css=&#8221;.vc_custom_1492073785547{margin-top: 0.3rem !important;}&#8221;][vc_column_text]Quando sentiamo parlare di montagna, la prima immagine che si forma nella nostra mente \u00e8 quella di una cima rocciosa. Ma la montagna non \u00e8 solo \u201ccroda\u201d. Montagna&hellip;<\/p>\n","protected":false},"author":1,"featured_media":0,"parent":0,"menu_order":0,"comment_status":"closed","ping_status":"closed","template":"","meta":{"footnotes":""},"class_list":["post-94","page","type-page","status-publish","hentry"],"_links":{"self":[{"href":"https:\/\/caicalalzo.it\/index.php\/wp-json\/wp\/v2\/pages\/94","targetHints":{"allow":["GET"]}}],"collection":[{"href":"https:\/\/caicalalzo.it\/index.php\/wp-json\/wp\/v2\/pages"}],"about":[{"href":"https:\/\/caicalalzo.it\/index.php\/wp-json\/wp\/v2\/types\/page"}],"author":[{"embeddable":true,"href":"https:\/\/caicalalzo.it\/index.php\/wp-json\/wp\/v2\/users\/1"}],"replies":[{"embeddable":true,"href":"https:\/\/caicalalzo.it\/index.php\/wp-json\/wp\/v2\/comments?post=94"}],"version-history":[{"count":27,"href":"https:\/\/caicalalzo.it\/index.php\/wp-json\/wp\/v2\/pages\/94\/revisions"}],"predecessor-version":[{"id":1258,"href":"https:\/\/caicalalzo.it\/index.php\/wp-json\/wp\/v2\/pages\/94\/revisions\/1258"}],"wp:attachment":[{"href":"https:\/\/caicalalzo.it\/index.php\/wp-json\/wp\/v2\/media?parent=94"}],"curies":[{"name":"wp","href":"https:\/\/api.w.org\/{rel}","templated":true}]}}